{"id":3914,"date":"2023-01-09T00:15:42","date_gmt":"2023-01-09T00:15:42","guid":{"rendered":"https:\/\/demo.itlinks.com\/quranteachingadults\/?page_id=3914"},"modified":"2023-01-09T00:17:01","modified_gmt":"2023-01-09T00:17:01","slug":"hadees-final","status":"publish","type":"page","link":"https:\/\/demo.itlinks.com\/quranteachingadults\/hadees-final\/","title":{"rendered":"Hadees &#8211; final"},"content":{"rendered":"\t\t<div data-elementor-type=\"wp-page\" data-elementor-id=\"3914\" class=\"elementor elementor-3914\">\n\t\t\t\t\t\t\t\t\t<section class=\"elementor-section elementor-top-section elementor-element elementor-element-11c901f5 elementor-section-content-middle elementor-reverse-mobile elementor-section-height-min-height elementor-section-items-stretch elementor-section-stretched elementor-section-boxed elementor-section-height-default\" data-id=\"11c901f5\" data-element_type=\"section\" data-settings=\"{&quot;background_background&quot;:&quot;gradient&quot;,&quot;shape_divider_bottom&quot;:&quot;mountains&quot;,&quot;stretch_section&quot;:&quot;section-stretched&quot;}\">\n\t\t\t\t\t\t\t<div class=\"elementor-background-overlay\"><\/div>\n\t\t\t\t\t\t<div class=\"elementor-shape elementor-shape-bottom\" data-negative=\"false\">\n\t\t\t<svg xmlns=\"http:\/\/www.w3.org\/2000\/svg\" viewBox=\"0 0 1000 100\" preserveAspectRatio=\"none\">\n\t<path class=\"elementor-shape-fill\" opacity=\"0.33\" d=\"M473,67.3c-203.9,88.3-263.1-34-320.3,0C66,119.1,0,59.7,0,59.7V0h1000v59.7 c0,0-62.1,26.1-94.9,29.3c-32.8,3.3-62.8-12.3-75.8-22.1C806,49.6,745.3,8.7,694.9,4.7S492.4,59,473,67.3z\"\/>\n\t<path class=\"elementor-shape-fill\" opacity=\"0.66\" d=\"M734,67.3c-45.5,0-77.2-23.2-129.1-39.1c-28.6-8.7-150.3-10.1-254,39.1 s-91.7-34.4-149.2,0C115.7,118.3,0,39.8,0,39.8V0h1000v36.5c0,0-28.2-18.5-92.1-18.5C810.2,18.1,775.7,67.3,734,67.3z\"\/>\n\t<path class=\"elementor-shape-fill\" d=\"M766.1,28.9c-200-57.5-266,65.5-395.1,19.5C242,1.8,242,5.4,184.8,20.6C128,35.8,132.3,44.9,89.9,52.5C28.6,63.7,0,0,0,0 h1000c0,0-9.9,40.9-83.6,48.1S829.6,47,766.1,28.9z\"\/>\n<\/svg>\t\t<\/div>\n\t\t\t\t\t<div class=\"elementor-container elementor-column-gap-no\">\n\t\t\t\t\t<div class=\"elementor-column elementor-col-100 elementor-top-column elementor-element elementor-element-6f4d6682\" data-id=\"6f4d6682\" data-element_type=\"column\">\n\t\t\t<div class=\"elementor-widget-wrap elementor-element-populated\">\n\t\t\t\t\t\t\t\t<div class=\"elementor-element elementor-element-1172f44 elementor-widget elementor-widget-image\" data-id=\"1172f44\" data-element_type=\"widget\" data-widget_type=\"image.default\">\n\t\t\t\t<div class=\"elementor-widget-container\">\n\t\t\t<style>\/*! elementor - v3.9.2 - 21-12-2022 *\/\n.elementor-widget-image{text-align:center}.elementor-widget-image a{display:inline-block}.elementor-widget-image a img[src$=\".svg\"]{width:48px}.elementor-widget-image img{vertical-align:middle;display:inline-block}<\/style>\t\t\t\t\t\t\t\t\t\t\t\t<img decoding=\"async\" width=\"768\" height=\"353\" src=\"https:\/\/demo.itlinks.com\/quranteachingadults\/wp-content\/uploads\/2023\/01\/Hadees-2-870x400-1-768x353.jpg\" class=\"attachment-medium_large size-medium_large wp-image-3916\" alt=\"\" loading=\"lazy\" srcset=\"https:\/\/demo.itlinks.com\/quranteachingadults\/wp-content\/uploads\/2023\/01\/Hadees-2-870x400-1-768x353.jpg 768w, https:\/\/demo.itlinks.com\/quranteachingadults\/wp-content\/uploads\/2023\/01\/Hadees-2-870x400-1-300x138.jpg 300w, https:\/\/demo.itlinks.com\/quranteachingadults\/wp-content\/uploads\/2023\/01\/Hadees-2-870x400-1.jpg 870w\" sizes=\"(max-width: 768px) 100vw, 768px\" \/>\t\t\t\t\t\t\t\t\t\t\t\t\t\t\t<\/div>\n\t\t\t\t<\/div>\n\t\t\t\t<div class=\"elementor-element elementor-element-4d63acc elementor-widget elementor-widget-text-editor\" data-id=\"4d63acc\" data-element_type=\"widget\" data-widget_type=\"text-editor.default\">\n\t\t\t\t<div class=\"elementor-widget-container\">\n\t\t\t<style>\/*! elementor - v3.9.2 - 21-12-2022 *\/\n.elementor-widget-text-editor.elementor-drop-cap-view-stacked .elementor-drop-cap{background-color:#818a91;color:#fff}.elementor-widget-text-editor.elementor-drop-cap-view-framed .elementor-drop-cap{color:#818a91;border:3px solid;background-color:transparent}.elementor-widget-text-editor:not(.elementor-drop-cap-view-default) .elementor-drop-cap{margin-top:8px}.elementor-widget-text-editor:not(.elementor-drop-cap-view-default) .elementor-drop-cap-letter{width:1em;height:1em}.elementor-widget-text-editor .elementor-drop-cap{float:left;text-align:center;line-height:1;font-size:50px}.elementor-widget-text-editor .elementor-drop-cap-letter{display:inline-block}<\/style>\t\t\t\t<p class=\"MsoNormal\" style=\"margin: 12.5pt 0in 0.0001pt; line-height: 18.8pt; background-image: initial; background-position: initial; background-size: initial; background-repeat: initial; background-attachment: initial; background-origin: initial; background-clip: initial;\"><b><span style=\"font-size: 14.0pt; font-family: 'Arial','sans-serif'; mso-fareast-font-family: 'Times New Roman'; color: white; mso-themecolor: background1;\">Hadith is integral to the Qur\u2019an, since they are inseparably linked to each other. It is impossible to understand the Qur\u2019an without reference to Hadith. The Qur\u2019an is the message, and the Hadith is the explanation of the message by the Messenger himself.<br \/>Islam has two primary sources. First is the Qur\u02be\u0101n which is the direct word of All Mighty Allah inspired to the Rasolullah Sall\u0101 Ll\u0101hu Aalayh\u012b Wa-\u02be\u0101lih\u012b Wa-Sallam. The second source is the Rasolullah Sall\u0101 Ll\u0101hu Aalayh\u012b Wa-\u02be\u0101lih\u012b Wa-Sallam teachings. These teachings include his words, actions, and things he approved of. The Prophet\u2019s Rasolullah Sall\u0101 Ll\u0101hu Aalayh\u012b Wa-\u02be\u0101lih\u012b Wa-Sallam teachings are called Sunna. The Sunna is found in texts called \u1e25ad\u012bth. A \u1e25ad\u012bth is a statement of the Rasolullah Sall\u0101 Ll\u0101hu Aalayh\u012b Wa-\u02be\u0101lih\u012b Wa-Sallam which was narrated by his companions and subsequently narrated to the next generation until these sayings were compiled in \u1e25ad\u012bth collections. We can teach the selection of Hadith related to our daily life matters.<\/span><\/b><\/p>\t\t\t\t\t\t<\/div>\n\t\t\t\t<\/div>\n\t\t\t\t\t<\/div>\n\t\t<\/div>\n\t\t\t\t\t\t\t<\/div>\n\t\t<\/section>\n\t\t\t\t\t\t\t<\/div>\n\t\t","protected":false},"excerpt":{"rendered":"<p>Hadith is integral to the Qur\u2019an, since they are inseparably linked to each other. It is impossible to understand the Qur\u2019an without reference to Hadith. The Qur\u2019an is the message, and the Hadith is the explanation of the message by the Messenger himself.Islam has two primary sources. First is the Qur\u02be\u0101n which is the direct word of All Mighty Allah inspired to the Rasolullah Sall\u0101 Ll\u0101hu Aalayh\u012b Wa-\u02be\u0101lih\u012b Wa-Sallam. The second source is the Rasolullah Sall\u0101 Ll\u0101hu Aalayh\u012b Wa-\u02be\u0101lih\u012b Wa-Sallam teachings. These teachings include his words, actions, and things he approved of. The Prophet\u2019s Rasolullah Sall\u0101 Ll\u0101hu Aalayh\u012b Wa-\u02be\u0101lih\u012b Wa-Sallam teachings are called Sunna. The Sunna is found in texts called \u1e25ad\u012bth. A \u1e25ad\u012bth is a statement of the Rasolullah Sall\u0101 Ll\u0101hu Aalayh\u012b Wa-\u02be\u0101lih\u012b Wa-Sallam which was narrated by his companions and subsequently narrated to the next generation until these sayings were compiled in \u1e25ad\u012bth collections. We can teach the selection of Hadith related to our daily life matters.<\/p>\n","protected":false},"author":1,"featured_media":0,"parent":0,"menu_order":0,"comment_status":"closed","ping_status":"closed","template":"","meta":[],"_links":{"self":[{"href":"https:\/\/demo.itlinks.com\/quranteachingadults\/wp-json\/wp\/v2\/pages\/3914"}],"collection":[{"href":"https:\/\/demo.itlinks.com\/quranteachingadults\/wp-json\/wp\/v2\/pages"}],"about":[{"href":"https:\/\/demo.itlinks.com\/quranteachingadults\/wp-json\/wp\/v2\/types\/page"}],"author":[{"embeddable":true,"href":"https:\/\/demo.itlinks.com\/quranteachingadults\/wp-json\/wp\/v2\/users\/1"}],"replies":[{"embeddable":true,"href":"https:\/\/demo.itlinks.com\/quranteachingadults\/wp-json\/wp\/v2\/comments?post=3914"}],"version-history":[{"count":4,"href":"https:\/\/demo.itlinks.com\/quranteachingadults\/wp-json\/wp\/v2\/pages\/3914\/revisions"}],"predecessor-version":[{"id":3919,"href":"https:\/\/demo.itlinks.com\/quranteachingadults\/wp-json\/wp\/v2\/pages\/3914\/revisions\/3919"}],"wp:attachment":[{"href":"https:\/\/demo.itlinks.com\/quranteachingadults\/wp-json\/wp\/v2\/media?parent=3914"}],"curies":[{"name":"wp","href":"https:\/\/api.w.org\/{rel}","templated":true}]}}